{"id":1941,"date":"2026-01-21T09:33:38","date_gmt":"2026-01-21T09:33:38","guid":{"rendered":"https:\/\/road2remedy.com\/?page_id=1941"},"modified":"2026-01-28T21:53:27","modified_gmt":"2026-01-28T21:53:27","slug":"blog","status":"publish","type":"page","link":"https:\/\/road2remedy.com\/de\/blog\/","title":{"rendered":"Gesundheitsratgeber"},"content":{"rendered":"<ul class=\"wp-block-latest-posts__list has-dates wp-block-latest-posts\"><li><a class=\"wp-block-latest-posts__post-title\" href=\"https:\/\/road2remedy.com\/de\/was-ist-ein-check-up-alles-was-sie-ueber-allgemeine-zahnaerztliche-und-augenaerztliche-untersuchungen-wissen-muessen\/\">Was ist ein Check-up? Alles, was Sie \u00fcber allgemeine, zahn\u00e4rztliche und augen\u00e4rztliche Untersuchungen wissen m\u00fcssen<\/a><time datetime=\"2026-01-27T10:25:46+00:00\" class=\"wp-block-latest-posts__post-date\">Januar 27, 2026<\/time><div class=\"wp-block-latest-posts__post-excerpt\">Der Schl\u00fcssel zu einem gesunden Leben liegt heutzutage darin, Vorsichtsma\u00dfnahmen zu treffen, noch bevor Krankheiten auftreten. In diesem Zusammenhang stellen Check-up-Verfahren einen der wichtigsten Bestandteile der pr\u00e4ventiven Gesundheitsvorsorge dar. Was genau ist also ein Check-up und warum wird er durchgef\u00fchrt? In welchen Situationen sind zahn\u00e4rztliche und augen\u00e4rztliche Kontrollen notwendig? In diesem Artikel gehen wir detailliert\u2026\u00a0<a class=\"wp-block-latest-posts__read-more\" href=\"https:\/\/road2remedy.com\/de\/was-ist-ein-check-up-alles-was-sie-ueber-allgemeine-zahnaerztliche-und-augenaerztliche-untersuchungen-wissen-muessen\/\" rel=\"noopener noreferrer\"><span class=\"screen-reader-text\">Was ist ein Check-up? Alles, was Sie \u00fcber allgemeine, zahn\u00e4rztliche und augen\u00e4rztliche Untersuchungen wissen m\u00fcssen <\/span>weiterlesen<\/a><\/div><\/li>\n<li><a class=\"wp-block-latest-posts__post-title\" href=\"https:\/\/road2remedy.com\/de\/www-road2remedy-com-de-gesundheitstourismus-antalya-guide\/\">Das Herz des Gesundheitstourismus Antalya: Weltklasse-Behandlung und ein unvergessliches Urlaubserlebnis<\/a><time datetime=\"2025-01-22T21:35:36+00:00\" class=\"wp-block-latest-posts__post-date\">Januar 22, 2025<\/time><div class=\"wp-block-latest-posts__post-excerpt\">Die neue Adresse f\u00fcr Gesundheit und Ruhe Gesundheit bedeutet heute weit mehr als nur die Behandlung von Krankheiten. Der moderne Mensch strebt nach Heilung, Erneuerung und einer Steigerung der Lebensqualit\u00e4t als k\u00f6rperliche, geistige und seelische Einheit. Genau dieses Streben hat den Gesundheitstourismus zu einem der am schnellsten wachsenden Sektoren der Welt gemacht. Im Jahr 2026\u2026\u00a0<a class=\"wp-block-latest-posts__read-more\" href=\"https:\/\/road2remedy.com\/de\/www-road2remedy-com-de-gesundheitstourismus-antalya-guide\/\" rel=\"noopener noreferrer\"><span class=\"screen-reader-text\">Das Herz des Gesundheitstourismus Antalya: Weltklasse-Behandlung und ein unvergessliches Urlaubserlebnis <\/span>weiterlesen<\/a><\/div><\/li>\n<\/ul>","protected":false},"excerpt":{"rendered":"","protected":false},"author":2,"featured_media":0,"parent":0,"menu_order":0,"comment_status":"closed","ping_status":"closed","template":"","meta":{"_uag_custom_page_level_css":"","site-sidebar-layout":"default","site-content-layout":"","ast-site-content-layout":"default","site-content-style":"default","site-sidebar-style":"default","ast-global-header-display":"","ast-banner-title-visibility":"","ast-main-header-display":"","ast-hfb-above-header-display":"","ast-hfb-below-header-display":"","ast-hfb-mobile-header-display":"","site-post-title":"","ast-breadcrumbs-content":"","ast-featured-img":"","footer-sml-layout":"","theme-transparent-header-meta":"","adv-header-id-meta":"","stick-header-meta":"","header-above-stick-meta":"","header-main-stick-meta":"","header-below-stick-meta":"","astra-migrate-meta-layouts":"set","ast-page-background-enabled":"default","ast-page-background-meta":{"desktop":{"background-color":"var(--ast-global-color-4)","background-image":"","background-repeat":"repeat","background-position":"center center","background-size":"auto","background-attachment":"scroll","background-type":"","background-media":"","overlay-type":"","overlay-color":"","overlay-opacity":"","overlay-gradient":""},"tablet":{"background-color":"","background-image":"","background-repeat":"repeat","background-position":"center center","background-size":"auto","background-attachment":"scroll","background-type":"","background-media":"","overlay-type":"","overlay-color":"","overlay-opacity":"","overlay-gradient":""},"mobile":{"background-color":"","background-image":"","background-repeat":"repeat","background-position":"center center","background-size":"auto","background-attachment":"scroll","background-type":"","background-media":"","overlay-type":"","overlay-color":"","overlay-opacity":"","overlay-gradient":""}},"ast-content-background-meta":{"desktop":{"background-color":"var(--ast-global-color-5)","background-image":"","background-repeat":"repeat","background-position":"center center","background-size":"auto","background-attachment":"scroll","background-type":"","background-media":"","overlay-type":"","overlay-color":"","overlay-opacity":"","overlay-gradient":""},"tablet":{"background-color":"var(--ast-global-color-5)","background-image":"","background-repeat":"repeat","background-position":"center center","background-size":"auto","background-attachment":"scroll","background-type":"","background-media":"","overlay-type":"","overlay-color":"","overlay-opacity":"","overlay-gradient":""},"mobile":{"background-color":"var(--ast-global-color-5)","background-image":"","background-repeat":"repeat","background-position":"center center","background-size":"auto","background-attachment":"scroll","background-type":"","background-media":"","overlay-type":"","overlay-color":"","overlay-opacity":"","overlay-gradient":""}},"footnotes":""},"class_list":["post-1941","page","type-page","status-publish","hentry"],"aioseo_notices":[],"uagb_featured_image_src":{"full":false,"thumbnail":false,"medium":false,"medium_large":false,"large":false,"1536x1536":false,"2048x2048":false},"uagb_author_info":{"display_name":"Ozan","author_link":"https:\/\/road2remedy.com\/de\/author\/ozan\/"},"uagb_comment_info":0,"uagb_excerpt":null,"_links":{"self":[{"href":"https:\/\/road2remedy.com\/de\/wp-json\/wp\/v2\/pages\/1941","targetHints":{"allow":["GET"]}}],"collection":[{"href":"https:\/\/road2remedy.com\/de\/wp-json\/wp\/v2\/pages"}],"about":[{"href":"https:\/\/road2remedy.com\/de\/wp-json\/wp\/v2\/types\/page"}],"author":[{"embeddable":true,"href":"https:\/\/road2remedy.com\/de\/wp-json\/wp\/v2\/users\/2"}],"replies":[{"embeddable":true,"href":"https:\/\/road2remedy.com\/de\/wp-json\/wp\/v2\/comments?post=1941"}],"version-history":[{"count":8,"href":"https:\/\/road2remedy.com\/de\/wp-json\/wp\/v2\/pages\/1941\/revisions"}],"predecessor-version":[{"id":1982,"href":"https:\/\/road2remedy.com\/de\/wp-json\/wp\/v2\/pages\/1941\/revisions\/1982"}],"wp:attachment":[{"href":"https:\/\/road2remedy.com\/de\/wp-json\/wp\/v2\/media?parent=1941"}],"curies":[{"name":"wp","href":"https:\/\/api.w.org\/{rel}","templated":true}]}}